{"id":8545,"date":"2022-11-25T19:18:30","date_gmt":"2022-11-25T19:18:30","guid":{"rendered":"https:\/\/cutiedawg.com\/?page_id=477"},"modified":"2023-05-21T13:59:29","modified_gmt":"2023-05-21T13:59:29","slug":"shipping-delivery","status":"publish","type":"page","link":"https:\/\/cp.it-tronic.store\/tx\/shipping-delivery\/","title":{"rendered":"Versand-&#038; Bearbeitungs"},"content":{"rendered":"\n<p class=\"has-text-align-left\">Versand-&amp; Bearbeitungs :- Unser Ziel ist es, Ihnen die besten Versandoptionen anzubieten, egal wo Sie leben.<br>Jeden Tag beliefern wir Hunderte von Kunden auf der ganzen Welt und stellen sicher, dass<br>dass wir Ihnen jederzeit ein H\u00f6chstma\u00df an Reaktionsf\u00e4higkeit bieten.<\/p>\n\n\n\n<p dir=\"ltr\" style=\"font-size:18px\"><strong><mark style=\"background-color:rgba(0, 0, 0, 0)\" class=\"has-inline-color has-luminous-vivid-amber-color\">Der Zeitrahmen f\u00fcr die Lieferung der Bestellung ist in zwei Teile unterteilt:<\/mark><\/strong><\/p>\n\n\n\n<p class=\"has-text-align-left\">Bearbeitungszeit: Auftragspr\u00fcfung, Schneiderei, Qualit\u00e4tspr\u00fcfung und Verpackung. Alle Bestellungen werden innerhalb von 24 Stunden nach der Bestellung an den Hersteller zum Versand gesendet.<br>Der Hersteller und China Post bearbeiten die Bestellungen, was weitere 3-20 Tage <a href=\"https:\/\/cp.it-tronic.store\/tx\/kontaktiere-uns\/\" target=\"_blank\" rel=\"noreferrer noopener\">dauert<\/a>.<\/p>\n\n\n\n<p class=\"has-text-align-left\">Lieferzeit: Dies bezieht sich auf die Zeit, die ben\u00f6tigt wird, um Artikel von unserem Lager zum Bestimmungsort zu versenden. Die internationale Lieferung dauert in der Regel etwa 15 bis 30 Werktage.<br>US-Bestellungen werden von usps versandt, einem Produkt des US Postal Service. Nach der Bearbeitung und dem Verlassen des Lagers dauert es in der Regel zwischen 7 und 15 Tagen, bis die Artikel an ihrem Bestimmungsort ankommen, aber von Zeit zu Zeit kann es auch l\u00e4nger dauern.<\/p>\n","protected":false},"excerpt":{"rendered":"<p>Versand-&amp; Bearbeitungs :- Unser Ziel ist es, Ihnen die besten Versandoptionen anzubieten, egal wo Sie leben.Jeden Tag beliefern wir Hunderte<\/p>\n","protected":false},"author":1,"featured_media":8764,"parent":0,"menu_order":0,"comment_status":"closed","ping_status":"closed","template":"","meta":{"footnotes":""},"class_list":["post-8545","page","type-page","status-publish","has-post-thumbnail","hentry"],"yoast_head":"<!-- This site is optimized with the Yoast SEO Premium plugin v20.4 (Yoast SEO v27.2) - https:\/\/yoast.com\/product\/yoast-seo-premium-wordpress\/ -->\n<title>Versand-&amp; Bearbeitungs - IT-TRONIC<\/title>\n<meta name=\"description\" content=\"Versand und Lieferung : Unser Ziel ist es, Ihnen die besten Versandoptionen anzubieten, egal wo Sie wohnen. Jeden Tag beliefern wir ....\" \/>\n<meta name=\"robots\" content=\"index, follow, max-snippet:-1, max-image-preview:large, max-video-preview:-1\" \/>\n<link rel=\"canonical\" href=\"https:\/\/cp.it-tronic.store\/tx\/shipping-delivery\/\" \/>\n<meta property=\"og:locale\" content=\"ar_AR\" \/>\n<meta property=\"og:type\" content=\"article\" \/>\n<meta property=\"og:title\" content=\"Versand-&amp; Bearbeitungs\" \/>\n<meta property=\"og:description\" content=\"Versand und Lieferung : Unser Ziel ist es, Ihnen die besten Versandoptionen anzubieten, egal wo Sie wohnen. Jeden Tag beliefern wir ....\" \/>\n<meta property=\"og:url\" content=\"https:\/\/cp.it-tronic.store\/tx\/shipping-delivery\/\" \/>\n<meta property=\"og:site_name\" content=\"IT-TRONIC\" \/>\n<meta property=\"article:modified_time\" content=\"2023-05-21T13:59:29+00:00\" \/>\n<meta property=\"og:image\" content=\"https:\/\/cp.it-tronic.store\/tx\/wp-content\/uploads\/2023\/05\/myshopp100-7.webp\" \/>\n\t<meta property=\"og:image:width\" content=\"1200\" \/>\n\t<meta property=\"og:image:height\" content=\"675\" \/>\n\t<meta property=\"og:image:type\" content=\"image\/webp\" \/>\n<meta name=\"twitter:card\" content=\"summary_large_image\" \/>\n<meta name=\"twitter:description\" content=\"Versand und Lieferung : Unser Ziel ist es, Ihnen die besten Versandoptionen anzubieten, egal wo Sie wohnen. Jeden Tag beliefern wir ....\" \/>\n<meta name=\"twitter:label1\" content=\"\u0648\u0642\u062a \u0627\u0644\u0642\u0631\u0627\u0621\u0629 \u0627\u0644\u0645\u064f\u0642\u062f\u0651\u0631\" \/>\n\t<meta name=\"twitter:data1\" content=\"\u062f\u0642\u064a\u0642\u0629 \u0648\u0627\u062d\u062f\u0629\" \/>\n<script type=\"application\/ld+json\" class=\"yoast-schema-graph\">{\"@context\":\"https:\/\/schema.org\",\"@graph\":[{\"@type\":\"WebPage\",\"@id\":\"https:\/\/cp.it-tronic.store\/tx\/shipping-delivery\/\",\"url\":\"https:\/\/cp.it-tronic.store\/tx\/shipping-delivery\/\",\"name\":\"Versand-& Bearbeitungs - IT-TRONIC\",\"isPartOf\":{\"@id\":\"https:\/\/cp.it-tronic.store\/tx\/#website\"},\"primaryImageOfPage\":{\"@id\":\"https:\/\/cp.it-tronic.store\/tx\/shipping-delivery\/#primaryimage\"},\"image\":{\"@id\":\"https:\/\/cp.it-tronic.store\/tx\/shipping-delivery\/#primaryimage\"},\"thumbnailUrl\":\"https:\/\/cp.it-tronic.store\/tx\/wp-content\/uploads\/2023\/05\/myshopp100-7.webp\",\"datePublished\":\"2022-11-25T19:18:30+00:00\",\"dateModified\":\"2023-05-21T13:59:29+00:00\",\"description\":\"Versand und Lieferung : Unser Ziel ist es, Ihnen die besten Versandoptionen anzubieten, egal wo Sie wohnen. Jeden Tag beliefern wir ....\",\"breadcrumb\":{\"@id\":\"https:\/\/cp.it-tronic.store\/tx\/shipping-delivery\/#breadcrumb\"},\"inLanguage\":\"ar\",\"potentialAction\":[{\"@type\":\"ReadAction\",\"target\":[\"https:\/\/cp.it-tronic.store\/tx\/shipping-delivery\/\"]}]},{\"@type\":\"ImageObject\",\"inLanguage\":\"ar\",\"@id\":\"https:\/\/cp.it-tronic.store\/tx\/shipping-delivery\/#primaryimage\",\"url\":\"https:\/\/cp.it-tronic.store\/tx\/wp-content\/uploads\/2023\/05\/myshopp100-7.webp\",\"contentUrl\":\"https:\/\/cp.it-tronic.store\/tx\/wp-content\/uploads\/2023\/05\/myshopp100-7.webp\",\"width\":1200,\"height\":675,\"caption\":\"myshopp100\"},{\"@type\":\"BreadcrumbList\",\"@id\":\"https:\/\/cp.it-tronic.store\/tx\/shipping-delivery\/#breadcrumb\",\"itemListElement\":[{\"@type\":\"ListItem\",\"position\":1,\"name\":\"\u0627\u0644\u0631\u0626\u064a\u0633\u064a\u0629\",\"item\":\"https:\/\/cp.it-tronic.store\/tx\/\"},{\"@type\":\"ListItem\",\"position\":2,\"name\":\"Versand-&#038; Bearbeitungs\"}]},{\"@type\":\"WebSite\",\"@id\":\"https:\/\/cp.it-tronic.store\/tx\/#website\",\"url\":\"https:\/\/cp.it-tronic.store\/tx\/\",\"name\":\"IT-TRONIC\",\"description\":\"\",\"publisher\":{\"@id\":\"https:\/\/cp.it-tronic.store\/tx\/#\/schema\/person\/e85d704cea87311ff5ce47ef41885de9\"},\"alternateName\":\"myshopp100\",\"potentialAction\":[{\"@type\":\"SearchAction\",\"target\":{\"@type\":\"EntryPoint\",\"urlTemplate\":\"https:\/\/cp.it-tronic.store\/tx\/?s={search_term_string}\"},\"query-input\":{\"@type\":\"PropertyValueSpecification\",\"valueRequired\":true,\"valueName\":\"search_term_string\"}}],\"inLanguage\":\"ar\"},{\"@type\":[\"Person\",\"Organization\"],\"@id\":\"https:\/\/cp.it-tronic.store\/tx\/#\/schema\/person\/e85d704cea87311ff5ce47ef41885de9\",\"name\":\"\u0627\u0644\u062f\u0639\u0645 \u0627\u0644\u062a\u0642\u0646\u064a\",\"image\":{\"@type\":\"ImageObject\",\"inLanguage\":\"ar\",\"@id\":\"https:\/\/cp.it-tronic.store\/tx\/wp-content\/uploads\/2023\/05\/cropped-myshopp100.webp\",\"url\":\"https:\/\/cp.it-tronic.store\/tx\/wp-content\/uploads\/2023\/05\/cropped-myshopp100.webp\",\"contentUrl\":\"https:\/\/cp.it-tronic.store\/tx\/wp-content\/uploads\/2023\/05\/cropped-myshopp100.webp\",\"width\":512,\"height\":512,\"caption\":\"\u0627\u0644\u062f\u0639\u0645 \u0627\u0644\u062a\u0642\u0646\u064a\"},\"logo\":{\"@id\":\"https:\/\/cp.it-tronic.store\/tx\/wp-content\/uploads\/2023\/05\/cropped-myshopp100.webp\"},\"sameAs\":[\"https:\/\/cp.it-tronic.store\/tx\"]}]}<\/script>\n<!-- \/ Yoast SEO Premium plugin. -->","yoast_head_json":{"title":"Versand-& Bearbeitungs - IT-TRONIC","description":"Versand und Lieferung : Unser Ziel ist es, Ihnen die besten Versandoptionen anzubieten, egal wo Sie wohnen. Jeden Tag beliefern wir ....","robots":{"index":"index","follow":"follow","max-snippet":"max-snippet:-1","max-image-preview":"max-image-preview:large","max-video-preview":"max-video-preview:-1"},"canonical":"https:\/\/cp.it-tronic.store\/tx\/shipping-delivery\/","og_locale":"ar_AR","og_type":"article","og_title":"Versand-& Bearbeitungs","og_description":"Versand und Lieferung : Unser Ziel ist es, Ihnen die besten Versandoptionen anzubieten, egal wo Sie wohnen. Jeden Tag beliefern wir ....","og_url":"https:\/\/cp.it-tronic.store\/tx\/shipping-delivery\/","og_site_name":"IT-TRONIC","article_modified_time":"2023-05-21T13:59:29+00:00","og_image":[{"width":1200,"height":675,"url":"https:\/\/cp.it-tronic.store\/tx\/wp-content\/uploads\/2023\/05\/myshopp100-7.webp","type":"image\/webp"}],"twitter_card":"summary_large_image","twitter_description":"Versand und Lieferung : Unser Ziel ist es, Ihnen die besten Versandoptionen anzubieten, egal wo Sie wohnen. Jeden Tag beliefern wir ....","twitter_misc":{"\u0648\u0642\u062a \u0627\u0644\u0642\u0631\u0627\u0621\u0629 \u0627\u0644\u0645\u064f\u0642\u062f\u0651\u0631":"\u062f\u0642\u064a\u0642\u0629 \u0648\u0627\u062d\u062f\u0629"},"schema":{"@context":"https:\/\/schema.org","@graph":[{"@type":"WebPage","@id":"https:\/\/cp.it-tronic.store\/tx\/shipping-delivery\/","url":"https:\/\/cp.it-tronic.store\/tx\/shipping-delivery\/","name":"Versand-& Bearbeitungs - IT-TRONIC","isPartOf":{"@id":"https:\/\/cp.it-tronic.store\/tx\/#website"},"primaryImageOfPage":{"@id":"https:\/\/cp.it-tronic.store\/tx\/shipping-delivery\/#primaryimage"},"image":{"@id":"https:\/\/cp.it-tronic.store\/tx\/shipping-delivery\/#primaryimage"},"thumbnailUrl":"https:\/\/cp.it-tronic.store\/tx\/wp-content\/uploads\/2023\/05\/myshopp100-7.webp","datePublished":"2022-11-25T19:18:30+00:00","dateModified":"2023-05-21T13:59:29+00:00","description":"Versand und Lieferung : Unser Ziel ist es, Ihnen die besten Versandoptionen anzubieten, egal wo Sie wohnen. Jeden Tag beliefern wir ....","breadcrumb":{"@id":"https:\/\/cp.it-tronic.store\/tx\/shipping-delivery\/#breadcrumb"},"inLanguage":"ar","potentialAction":[{"@type":"ReadAction","target":["https:\/\/cp.it-tronic.store\/tx\/shipping-delivery\/"]}]},{"@type":"ImageObject","inLanguage":"ar","@id":"https:\/\/cp.it-tronic.store\/tx\/shipping-delivery\/#primaryimage","url":"https:\/\/cp.it-tronic.store\/tx\/wp-content\/uploads\/2023\/05\/myshopp100-7.webp","contentUrl":"https:\/\/cp.it-tronic.store\/tx\/wp-content\/uploads\/2023\/05\/myshopp100-7.webp","width":1200,"height":675,"caption":"myshopp100"},{"@type":"BreadcrumbList","@id":"https:\/\/cp.it-tronic.store\/tx\/shipping-delivery\/#breadcrumb","itemListElement":[{"@type":"ListItem","position":1,"name":"\u0627\u0644\u0631\u0626\u064a\u0633\u064a\u0629","item":"https:\/\/cp.it-tronic.store\/tx\/"},{"@type":"ListItem","position":2,"name":"Versand-&#038; Bearbeitungs"}]},{"@type":"WebSite","@id":"https:\/\/cp.it-tronic.store\/tx\/#website","url":"https:\/\/cp.it-tronic.store\/tx\/","name":"IT-TRONIC","description":"","publisher":{"@id":"https:\/\/cp.it-tronic.store\/tx\/#\/schema\/person\/e85d704cea87311ff5ce47ef41885de9"},"alternateName":"myshopp100","potentialAction":[{"@type":"SearchAction","target":{"@type":"EntryPoint","urlTemplate":"https:\/\/cp.it-tronic.store\/tx\/?s={search_term_string}"},"query-input":{"@type":"PropertyValueSpecification","valueRequired":true,"valueName":"search_term_string"}}],"inLanguage":"ar"},{"@type":["Person","Organization"],"@id":"https:\/\/cp.it-tronic.store\/tx\/#\/schema\/person\/e85d704cea87311ff5ce47ef41885de9","name":"\u0627\u0644\u062f\u0639\u0645 \u0627\u0644\u062a\u0642\u0646\u064a","image":{"@type":"ImageObject","inLanguage":"ar","@id":"https:\/\/cp.it-tronic.store\/tx\/wp-content\/uploads\/2023\/05\/cropped-myshopp100.webp","url":"https:\/\/cp.it-tronic.store\/tx\/wp-content\/uploads\/2023\/05\/cropped-myshopp100.webp","contentUrl":"https:\/\/cp.it-tronic.store\/tx\/wp-content\/uploads\/2023\/05\/cropped-myshopp100.webp","width":512,"height":512,"caption":"\u0627\u0644\u062f\u0639\u0645 \u0627\u0644\u062a\u0642\u0646\u064a"},"logo":{"@id":"https:\/\/cp.it-tronic.store\/tx\/wp-content\/uploads\/2023\/05\/cropped-myshopp100.webp"},"sameAs":["https:\/\/cp.it-tronic.store\/tx"]}]}},"_links":{"self":[{"href":"https:\/\/cp.it-tronic.store\/tx\/wp-json\/wp\/v2\/pages\/8545","targetHints":{"allow":["GET"]}}],"collection":[{"href":"https:\/\/cp.it-tronic.store\/tx\/wp-json\/wp\/v2\/pages"}],"about":[{"href":"https:\/\/cp.it-tronic.store\/tx\/wp-json\/wp\/v2\/types\/page"}],"author":[{"embeddable":true,"href":"https:\/\/cp.it-tronic.store\/tx\/wp-json\/wp\/v2\/users\/1"}],"replies":[{"embeddable":true,"href":"https:\/\/cp.it-tronic.store\/tx\/wp-json\/wp\/v2\/comments?post=8545"}],"version-history":[{"count":0,"href":"https:\/\/cp.it-tronic.store\/tx\/wp-json\/wp\/v2\/pages\/8545\/revisions"}],"wp:featuredmedia":[{"embeddable":true,"href":"https:\/\/cp.it-tronic.store\/tx\/wp-json\/wp\/v2\/media\/8764"}],"wp:attachment":[{"href":"https:\/\/cp.it-tronic.store\/tx\/wp-json\/wp\/v2\/media?parent=8545"}],"curies":[{"name":"wp","href":"https:\/\/api.w.org\/{rel}","templated":true}]}}