{"id":8995,"date":"2023-05-24T17:58:40","date_gmt":"2023-05-24T17:58:40","guid":{"rendered":"https:\/\/myshopp100.com\/?post_type=product&#038;p=8995"},"modified":"2023-05-24T17:58:41","modified_gmt":"2023-05-24T17:58:41","slug":"handyhuelle-fuer-iphone-12-13-14-mini-pro-pro-max","status":"publish","type":"product","link":"https:\/\/cp.it-tronic.store\/tx\/shop\/handyhuelle-fuer-iphone-12-13-14-mini-pro-pro-max\/","title":{"rendered":"Handyh\u00fclle F\u00fcr iPhone 12, 13, 14,   Mini, Pro, Pro Max"},"content":{"rendered":"<p>Luxus Klar Adsroption Fall F\u00fcr iPhone 14 Pro Max 13 12 Silikon Plating Transparent Abdeckung F\u00fcr Magsafe Magnetische Drahtlose Lade.<\/p>\n","protected":false},"excerpt":{"rendered":"<p>Luxus Klar Adsroption Fall F\u00fcr iPhone 14 Pro Max 13 12 Silikon Plating Transparent Abdeckung F\u00fcr Magsafe Magnetische Drahtlose Lade.<\/p>\n","protected":false},"featured_media":0,"comment_status":"open","ping_status":"closed","template":"","meta":[],"product_brand":[],"product_cat":[22],"product_tag":[],"class_list":{"0":"post-8995","1":"product","2":"type-product","3":"status-publish","5":"product_cat-sport","7":"first","8":"instock","9":"purchasable","10":"product-type-simple"},"yoast_head":"<!-- This site is optimized with the Yoast SEO Premium plugin v20.4 (Yoast SEO v27.2) - https:\/\/yoast.com\/product\/yoast-seo-premium-wordpress\/ -->\n<title>Handyh\u00fclle F\u00fcr iPhone 12, 13, 14,  Mini, Pro, Pro Max - IT-TRONIC<\/title>\n<meta name=\"robots\" content=\"index, follow, max-snippet:-1, max-image-preview:large, max-video-preview:-1\" \/>\n<link rel=\"canonical\" href=\"https:\/\/cp.it-tronic.store\/tx\/shop\/handyhuelle-fuer-iphone-12-13-14-mini-pro-pro-max\/\" \/>\n<meta property=\"og:locale\" content=\"ar_AR\" \/>\n<meta property=\"og:type\" content=\"article\" \/>\n<meta property=\"og:title\" content=\"Handyh\u00fclle F\u00fcr iPhone 12, 13, 14,  Mini, Pro, Pro Max\" \/>\n<meta property=\"og:description\" content=\"Luxus Klar Adsroption Fall F\u00fcr iPhone 14 Pro Max 13 12 Silikon Plating Transparent Abdeckung F\u00fcr Magsafe Magnetische Drahtlose Lade.\" \/>\n<meta property=\"og:url\" content=\"https:\/\/cp.it-tronic.store\/tx\/shop\/handyhuelle-fuer-iphone-12-13-14-mini-pro-pro-max\/\" \/>\n<meta property=\"og:site_name\" content=\"IT-TRONIC\" \/>\n<meta property=\"article:modified_time\" content=\"2023-05-24T17:58:41+00:00\" \/>\n<meta property=\"og:image\" content=\"https:\/\/cp.it-tronic.store\/tx\/wp-content\/uploads\/2023\/05\/myshopp100-7.webp\" \/>\n\t<meta property=\"og:image:width\" content=\"1200\" \/>\n\t<meta property=\"og:image:height\" content=\"675\" \/>\n\t<meta property=\"og:image:type\" content=\"image\/webp\" \/>\n<meta name=\"twitter:card\" content=\"summary_large_image\" \/>\n<meta name=\"twitter:label1\" content=\"\u0648\u0642\u062a \u0627\u0644\u0642\u0631\u0627\u0621\u0629 \u0627\u0644\u0645\u064f\u0642\u062f\u0651\u0631\" \/>\n\t<meta name=\"twitter:data1\" content=\"\u062f\u0642\u064a\u0642\u0629 \u0648\u0627\u062d\u062f\u0629\" \/>\n<script type=\"application\/ld+json\" class=\"yoast-schema-graph\">{\"@context\":\"https:\/\/schema.org\",\"@graph\":[{\"@type\":\"WebPage\",\"@id\":\"https:\/\/cp.it-tronic.store\/tx\/shop\/handyhuelle-fuer-iphone-12-13-14-mini-pro-pro-max\/\",\"url\":\"https:\/\/cp.it-tronic.store\/tx\/shop\/handyhuelle-fuer-iphone-12-13-14-mini-pro-pro-max\/\",\"name\":\"Handyh\u00fclle F\u00fcr iPhone 12, 13, 14, Mini, Pro, Pro Max - IT-TRONIC\",\"isPartOf\":{\"@id\":\"https:\/\/cp.it-tronic.store\/tx\/#website\"},\"datePublished\":\"2023-05-24T17:58:40+00:00\",\"dateModified\":\"2023-05-24T17:58:41+00:00\",\"breadcrumb\":{\"@id\":\"https:\/\/cp.it-tronic.store\/tx\/shop\/handyhuelle-fuer-iphone-12-13-14-mini-pro-pro-max\/#breadcrumb\"},\"inLanguage\":\"ar\",\"potentialAction\":[{\"@type\":\"ReadAction\",\"target\":[\"https:\/\/cp.it-tronic.store\/tx\/shop\/handyhuelle-fuer-iphone-12-13-14-mini-pro-pro-max\/\"]}]},{\"@type\":\"BreadcrumbList\",\"@id\":\"https:\/\/cp.it-tronic.store\/tx\/shop\/handyhuelle-fuer-iphone-12-13-14-mini-pro-pro-max\/#breadcrumb\",\"itemListElement\":[{\"@type\":\"ListItem\",\"position\":1,\"name\":\"\u0627\u0644\u0631\u0626\u064a\u0633\u064a\u0629\",\"item\":\"https:\/\/cp.it-tronic.store\/tx\/\"},{\"@type\":\"ListItem\",\"position\":2,\"name\":\"Shop\",\"item\":\"https:\/\/cp.it-tronic.store\/tx\/shop\/\"},{\"@type\":\"ListItem\",\"position\":3,\"name\":\"Handyh\u00fclle F\u00fcr iPhone 12, 13, 14, Mini, Pro, Pro Max\"}]},{\"@type\":\"WebSite\",\"@id\":\"https:\/\/cp.it-tronic.store\/tx\/#website\",\"url\":\"https:\/\/cp.it-tronic.store\/tx\/\",\"name\":\"IT-TRONIC\",\"description\":\"\",\"publisher\":{\"@id\":\"https:\/\/cp.it-tronic.store\/tx\/#\/schema\/person\/e85d704cea87311ff5ce47ef41885de9\"},\"alternateName\":\"myshopp100\",\"potentialAction\":[{\"@type\":\"SearchAction\",\"target\":{\"@type\":\"EntryPoint\",\"urlTemplate\":\"https:\/\/cp.it-tronic.store\/tx\/?s={search_term_string}\"},\"query-input\":{\"@type\":\"PropertyValueSpecification\",\"valueRequired\":true,\"valueName\":\"search_term_string\"}}],\"inLanguage\":\"ar\"},{\"@type\":[\"Person\",\"Organization\"],\"@id\":\"https:\/\/cp.it-tronic.store\/tx\/#\/schema\/person\/e85d704cea87311ff5ce47ef41885de9\",\"name\":\"\u0627\u0644\u062f\u0639\u0645 \u0627\u0644\u062a\u0642\u0646\u064a\",\"image\":{\"@type\":\"ImageObject\",\"inLanguage\":\"ar\",\"@id\":\"https:\/\/cp.it-tronic.store\/tx\/wp-content\/uploads\/2023\/05\/cropped-myshopp100.webp\",\"url\":\"https:\/\/cp.it-tronic.store\/tx\/wp-content\/uploads\/2023\/05\/cropped-myshopp100.webp\",\"contentUrl\":\"https:\/\/cp.it-tronic.store\/tx\/wp-content\/uploads\/2023\/05\/cropped-myshopp100.webp\",\"width\":512,\"height\":512,\"caption\":\"\u0627\u0644\u062f\u0639\u0645 \u0627\u0644\u062a\u0642\u0646\u064a\"},\"logo\":{\"@id\":\"https:\/\/cp.it-tronic.store\/tx\/wp-content\/uploads\/2023\/05\/cropped-myshopp100.webp\"},\"sameAs\":[\"https:\/\/cp.it-tronic.store\/tx\"]}]}<\/script>\n<!-- \/ Yoast SEO Premium plugin. -->","yoast_head_json":{"title":"Handyh\u00fclle F\u00fcr iPhone 12, 13, 14,  Mini, Pro, Pro Max - IT-TRONIC","robots":{"index":"index","follow":"follow","max-snippet":"max-snippet:-1","max-image-preview":"max-image-preview:large","max-video-preview":"max-video-preview:-1"},"canonical":"https:\/\/cp.it-tronic.store\/tx\/shop\/handyhuelle-fuer-iphone-12-13-14-mini-pro-pro-max\/","og_locale":"ar_AR","og_type":"article","og_title":"Handyh\u00fclle F\u00fcr iPhone 12, 13, 14,  Mini, Pro, Pro Max","og_description":"Luxus Klar Adsroption Fall F\u00fcr iPhone 14 Pro Max 13 12 Silikon Plating Transparent Abdeckung F\u00fcr Magsafe Magnetische Drahtlose Lade.","og_url":"https:\/\/cp.it-tronic.store\/tx\/shop\/handyhuelle-fuer-iphone-12-13-14-mini-pro-pro-max\/","og_site_name":"IT-TRONIC","article_modified_time":"2023-05-24T17:58:41+00:00","og_image":[{"width":1200,"height":675,"url":"https:\/\/cp.it-tronic.store\/tx\/wp-content\/uploads\/2023\/05\/myshopp100-7.webp","type":"image\/webp"}],"twitter_card":"summary_large_image","twitter_misc":{"\u0648\u0642\u062a \u0627\u0644\u0642\u0631\u0627\u0621\u0629 \u0627\u0644\u0645\u064f\u0642\u062f\u0651\u0631":"\u062f\u0642\u064a\u0642\u0629 \u0648\u0627\u062d\u062f\u0629"},"schema":{"@context":"https:\/\/schema.org","@graph":[{"@type":"WebPage","@id":"https:\/\/cp.it-tronic.store\/tx\/shop\/handyhuelle-fuer-iphone-12-13-14-mini-pro-pro-max\/","url":"https:\/\/cp.it-tronic.store\/tx\/shop\/handyhuelle-fuer-iphone-12-13-14-mini-pro-pro-max\/","name":"Handyh\u00fclle F\u00fcr iPhone 12, 13, 14, Mini, Pro, Pro Max - IT-TRONIC","isPartOf":{"@id":"https:\/\/cp.it-tronic.store\/tx\/#website"},"datePublished":"2023-05-24T17:58:40+00:00","dateModified":"2023-05-24T17:58:41+00:00","breadcrumb":{"@id":"https:\/\/cp.it-tronic.store\/tx\/shop\/handyhuelle-fuer-iphone-12-13-14-mini-pro-pro-max\/#breadcrumb"},"inLanguage":"ar","potentialAction":[{"@type":"ReadAction","target":["https:\/\/cp.it-tronic.store\/tx\/shop\/handyhuelle-fuer-iphone-12-13-14-mini-pro-pro-max\/"]}]},{"@type":"BreadcrumbList","@id":"https:\/\/cp.it-tronic.store\/tx\/shop\/handyhuelle-fuer-iphone-12-13-14-mini-pro-pro-max\/#breadcrumb","itemListElement":[{"@type":"ListItem","position":1,"name":"\u0627\u0644\u0631\u0626\u064a\u0633\u064a\u0629","item":"https:\/\/cp.it-tronic.store\/tx\/"},{"@type":"ListItem","position":2,"name":"Shop","item":"https:\/\/cp.it-tronic.store\/tx\/shop\/"},{"@type":"ListItem","position":3,"name":"Handyh\u00fclle F\u00fcr iPhone 12, 13, 14, Mini, Pro, Pro Max"}]},{"@type":"WebSite","@id":"https:\/\/cp.it-tronic.store\/tx\/#website","url":"https:\/\/cp.it-tronic.store\/tx\/","name":"IT-TRONIC","description":"","publisher":{"@id":"https:\/\/cp.it-tronic.store\/tx\/#\/schema\/person\/e85d704cea87311ff5ce47ef41885de9"},"alternateName":"myshopp100","potentialAction":[{"@type":"SearchAction","target":{"@type":"EntryPoint","urlTemplate":"https:\/\/cp.it-tronic.store\/tx\/?s={search_term_string}"},"query-input":{"@type":"PropertyValueSpecification","valueRequired":true,"valueName":"search_term_string"}}],"inLanguage":"ar"},{"@type":["Person","Organization"],"@id":"https:\/\/cp.it-tronic.store\/tx\/#\/schema\/person\/e85d704cea87311ff5ce47ef41885de9","name":"\u0627\u0644\u062f\u0639\u0645 \u0627\u0644\u062a\u0642\u0646\u064a","image":{"@type":"ImageObject","inLanguage":"ar","@id":"https:\/\/cp.it-tronic.store\/tx\/wp-content\/uploads\/2023\/05\/cropped-myshopp100.webp","url":"https:\/\/cp.it-tronic.store\/tx\/wp-content\/uploads\/2023\/05\/cropped-myshopp100.webp","contentUrl":"https:\/\/cp.it-tronic.store\/tx\/wp-content\/uploads\/2023\/05\/cropped-myshopp100.webp","width":512,"height":512,"caption":"\u0627\u0644\u062f\u0639\u0645 \u0627\u0644\u062a\u0642\u0646\u064a"},"logo":{"@id":"https:\/\/cp.it-tronic.store\/tx\/wp-content\/uploads\/2023\/05\/cropped-myshopp100.webp"},"sameAs":["https:\/\/cp.it-tronic.store\/tx"]}]}},"_links":{"self":[{"href":"https:\/\/cp.it-tronic.store\/tx\/wp-json\/wp\/v2\/product\/8995","targetHints":{"allow":["GET"]}}],"collection":[{"href":"https:\/\/cp.it-tronic.store\/tx\/wp-json\/wp\/v2\/product"}],"about":[{"href":"https:\/\/cp.it-tronic.store\/tx\/wp-json\/wp\/v2\/types\/product"}],"replies":[{"embeddable":true,"href":"https:\/\/cp.it-tronic.store\/tx\/wp-json\/wp\/v2\/comments?post=8995"}],"version-history":[{"count":0,"href":"https:\/\/cp.it-tronic.store\/tx\/wp-json\/wp\/v2\/product\/8995\/revisions"}],"wp:attachment":[{"href":"https:\/\/cp.it-tronic.store\/tx\/wp-json\/wp\/v2\/media?parent=8995"}],"wp:term":[{"taxonomy":"product_brand","embeddable":true,"href":"https:\/\/cp.it-tronic.store\/tx\/wp-json\/wp\/v2\/product_brand?post=8995"},{"taxonomy":"product_cat","embeddable":true,"href":"https:\/\/cp.it-tronic.store\/tx\/wp-json\/wp\/v2\/product_cat?post=8995"},{"taxonomy":"product_tag","embeddable":true,"href":"https:\/\/cp.it-tronic.store\/tx\/wp-json\/wp\/v2\/product_tag?post=8995"}],"curies":[{"name":"wp","href":"https:\/\/api.w.org\/{rel}","templated":true}]}}